{"id":2149,"date":"2025-07-13T13:28:09","date_gmt":"2025-07-13T13:28:09","guid":{"rendered":"https:\/\/slabh.sa\/?post_type=product&#038;p=2149"},"modified":"2025-08-27T17:40:15","modified_gmt":"2025-08-27T14:40:15","slug":"2149","status":"publish","type":"product","link":"https:\/\/slabh.sa\/en\/product\/2149\/","title":{"rendered":"Hexagonal CNC automatic drilling production line"},"content":{"rendered":"<div style=\"width: 640px;\" class=\"wp-video\"><video class=\"wp-video-shortcode\" id=\"video-2149-1\" width=\"640\" height=\"359\" preload=\"metadata\" controls=\"controls\"><source type=\"video\/mp4\" src=\"https:\/\/slabh.sa\/wp-content\/uploads\/2025\/07\/f4fe4a0f10f0488dbeea98e40cf305c6.mp4?_=1\" \/><a href=\"https:\/\/slabh.sa\/wp-content\/uploads\/2025\/07\/f4fe4a0f10f0488dbeea98e40cf305c6.mp4\">https:\/\/slabh.sa\/wp-content\/uploads\/2025\/07\/f4fe4a0f10f0488dbeea98e40cf305c6.mp4<\/a><\/video><\/div>\n<p style=\"text-align: right;\"><img decoding=\"async\" class=\"alignnone size-medium wp-image-2151\" src=\"https:\/\/slabh.sa\/wp-content\/uploads\/2025\/07\/0-17-300x130.webp\" alt=\"\" width=\"300\" height=\"130\" \/><\/p>\n<p style=\"text-align: right;\">Automatic scanning and loading\/unloading of excavation work. High efficiency.<br \/>\nSuitable for automatic lines with barcode<br \/>\nTop Drill Blocks, Version 12 x 2 Unit Plus HOR (X: 2 x 2 + Y: 2 x 1) x 2<br \/>\nSingle Bottom Drill Block, Version 10<br \/>\n46 drill bits in total<br \/>\nTop and bottom drills, 3.5 kW x 2<br \/>\nDXF MPR XML COMMON FURNITURE format complies with<br \/>\nSYNTEC or NCSTUDIO: Control System<\/p>\n<table style=\"border-collapse: collapse; width: 95%; margin-left: auto; margin-right: auto;\" border=\"1\" width=\"361\">\n<tbody>\n<tr>\n<td style=\"width: 47.5%;\" width=\"186\"><strong>Model<\/strong><\/td>\n<td style=\"width: 47.5%;\" width=\"175\"><strong>RMZ-126B-X<\/strong><\/td>\n<\/tr>\n<tr>\n<td>Efficiency<\/td>\n<td>100-120 pieces per hour<\/td>\n<\/tr>\n<tr>\n<td>Length of board<\/td>\n<td>250-2800mm<\/td>\n<\/tr>\n<tr>\n<td>Width of board<\/td>\n<td>100-1200mm<\/td>\n<\/tr>\n<tr>\n<td>Thickness of board<\/td>\n<td>12-40mm<\/td>\n<\/tr>\n<tr>\n<td>X\/Y\/Z MAX.Speed<\/td>\n<td>120\/80\/30m\/min<\/td>\n<\/tr>\n<tr>\n<td>Power of main shaft<\/td>\n<td>3.5kw*2<\/td>\n<\/tr>\n<tr>\n<td>Speed of main shaft<\/td>\n<td>18000 rpm<\/td>\n<\/tr>\n<tr>\n<td>Upper vertical drill<\/td>\n<td>12 pcs*2 groups<\/td>\n<\/tr>\n<tr>\n<td>Upper horizontal drill<\/td>\n<td>(X: 2*2+Y: 2*1)*2<\/td>\n<\/tr>\n<tr>\n<td>Bottom vertical drill<\/td>\n<td>10 pieces<\/td>\n<\/tr>\n<tr>\n<td>Overall dimensions<\/td>\n<td>11300*2580*2150mm<\/td>\n<\/tr>\n<\/tbody>\n<\/table>\n<p><img decoding=\"async\" class=\"alignnone size-medium wp-image-2152\" src=\"https:\/\/slabh.sa\/wp-content\/uploads\/2025\/07\/00-9-112x300.webp\" alt=\"\" width=\"112\" height=\"300\" \/><\/p>","protected":false},"excerpt":{"rendered":"<p>\u0645\u0633\u062d \u0648\u062a\u062d\u0645\u064a\u0644\/\u0625\u062e\u0631\u0627\u062c \u062a\u0644\u0642\u0627\u0626\u064a \u0644\u0623\u0639\u0645\u0627\u0644 \u0627\u0644\u062d\u0641\u0631. \u0643\u0641\u0627\u0621\u0629 \u0639\u0627\u0644\u064a\u0629 \u0645\u0646\u0627\u0633\u0628 \u0644\u0644\u062e\u0637\u0648\u0637 \u0627\u0644\u0623\u0648\u062a\u0648\u0645\u0627\u062a\u064a\u0643\u064a\u0629 \u0627\u0644\u0645\u0632\u0648\u062f\u0629 \u0628\u0631\u0645\u0632 \u0634\u0631\u064a\u0637\u064a \u0643\u062a\u0644 \u062d\u0641\u0631 \u0639\u0644\u0648\u064a\u0629\u060c \u0627\u0644\u0625\u0635\u062f\u0627\u0631 12 \u00d7 2 \u0648\u062d\u062f\u0629 \u0628\u0627\u0644\u0625\u0636\u0627\u0641\u0629 \u0625\u0644\u0649 HOR (X: 2 \u00d7 2 + Y: 2 \u00d7 1) \u00d7 2 \u0643\u062a\u0644\u0629 \u062d\u0641\u0631 \u0633\u0641\u0644\u064a\u0629 \u0648\u0627\u062d\u062f\u0629\u060c \u0627\u0644\u0625\u0635\u062f\u0627\u0631 10 46 \u0645\u062b\u0642\u0627\u0628\u064b\u0627 \u0625\u062c\u0645\u0627\u0644\u0627\u064b \u0645\u062b\u0642\u0627\u0628\u0627\u0646 \u0639\u0644\u0648\u064a \u0648\u0633\u0641\u0644\u064a\u060c 3.5 \u0643\u064a\u0644\u0648 \u0648\u0627\u0637 \u00d7 2 DXF MPR XML &hellip; <\/p>\n<p class=\"link-more\"><a href=\"https:\/\/slabh.sa\/en\/product\/2149\/\" class=\"more-link\">Continue reading<span class=\"screen-reader-text\"> &#8220;\u0633\u062f\u0627\u0633\u064a \u0627\u0644\u062c\u0648\u0627\u0646\u0628 CNC \u062e\u0637 \u0625\u0646\u062a\u0627\u062c \u0627\u0644\u062d\u0641\u0631 \u0627\u0644\u0622\u0644\u064a&#8221;<\/span><\/a><\/p>","protected":false},"featured_media":2153,"comment_status":"open","ping_status":"closed","template":"","meta":[],"product_brand":[],"product_cat":[48],"product_tag":[],"class_list":{"0":"post-2149","1":"product","2":"type-product","3":"status-publish","4":"has-post-thumbnail","6":"product_cat-drilling-boring-machine","7":"entry","9":"first","10":"instock","11":"shipping-taxable","12":"product-type-simple"},"yoast_head":"<!-- This site is optimized with the Yoast SEO plugin v27.1 - https:\/\/yoast.com\/product\/yoast-seo-wordpress\/ -->\n<title>\u0633\u062f\u0627\u0633\u064a \u0627\u0644\u062c\u0648\u0627\u0646\u0628 CNC \u062e\u0637 \u0625\u0646\u062a\u0627\u062c \u0627\u0644\u062d\u0641\u0631 \u0627\u0644\u0622\u0644\u064a - Slabh<\/title>\n<meta name=\"robots\" content=\"index, follow, max-snippet:-1, max-image-preview:large, max-video-preview:-1\" \/>\n<link rel=\"canonical\" href=\"https:\/\/slabh.sa\/en\/product\/2149\/\" \/>\n<meta property=\"og:locale\" content=\"en_US\" \/>\n<meta property=\"og:type\" content=\"article\" \/>\n<meta property=\"og:title\" content=\"\u0633\u062f\u0627\u0633\u064a \u0627\u0644\u062c\u0648\u0627\u0646\u0628 CNC \u062e\u0637 \u0625\u0646\u062a\u0627\u062c \u0627\u0644\u062d\u0641\u0631 \u0627\u0644\u0622\u0644\u064a - Slabh\" \/>\n<meta property=\"og:description\" content=\"\u0645\u0633\u062d \u0648\u062a\u062d\u0645\u064a\u0644\/\u0625\u062e\u0631\u0627\u062c \u062a\u0644\u0642\u0627\u0626\u064a \u0644\u0623\u0639\u0645\u0627\u0644 \u0627\u0644\u062d\u0641\u0631. \u0643\u0641\u0627\u0621\u0629 \u0639\u0627\u0644\u064a\u0629 \u0645\u0646\u0627\u0633\u0628 \u0644\u0644\u062e\u0637\u0648\u0637 \u0627\u0644\u0623\u0648\u062a\u0648\u0645\u0627\u062a\u064a\u0643\u064a\u0629 \u0627\u0644\u0645\u0632\u0648\u062f\u0629 \u0628\u0631\u0645\u0632 \u0634\u0631\u064a\u0637\u064a \u0643\u062a\u0644 \u062d\u0641\u0631 \u0639\u0644\u0648\u064a\u0629\u060c \u0627\u0644\u0625\u0635\u062f\u0627\u0631 12 \u00d7 2 \u0648\u062d\u062f\u0629 \u0628\u0627\u0644\u0625\u0636\u0627\u0641\u0629 \u0625\u0644\u0649 HOR (X: 2 \u00d7 2 + Y: 2 \u00d7 1) \u00d7 2 \u0643\u062a\u0644\u0629 \u062d\u0641\u0631 \u0633\u0641\u0644\u064a\u0629 \u0648\u0627\u062d\u062f\u0629\u060c \u0627\u0644\u0625\u0635\u062f\u0627\u0631 10 46 \u0645\u062b\u0642\u0627\u0628\u064b\u0627 \u0625\u062c\u0645\u0627\u0644\u0627\u064b \u0645\u062b\u0642\u0627\u0628\u0627\u0646 \u0639\u0644\u0648\u064a \u0648\u0633\u0641\u0644\u064a\u060c 3.5 \u0643\u064a\u0644\u0648 \u0648\u0627\u0637 \u00d7 2 DXF MPR XML &hellip; Continue reading &quot;\u0633\u062f\u0627\u0633\u064a \u0627\u0644\u062c\u0648\u0627\u0646\u0628 CNC \u062e\u0637 \u0625\u0646\u062a\u0627\u062c \u0627\u0644\u062d\u0641\u0631 \u0627\u0644\u0622\u0644\u064a&quot;\" \/>\n<meta property=\"og:url\" content=\"https:\/\/slabh.sa\/en\/product\/2149\/\" \/>\n<meta property=\"og:site_name\" content=\"Slabh\" \/>\n<meta property=\"article:publisher\" content=\"https:\/\/www.facebook.com\/profile.php?id=61572269376146&amp;mibextid=wwXIfr&amp;rdid=FewdL0MloYPeXWXU&amp;share_url=httpswww.facebook.comshare16idSkSycLmibextidwwXIfr#\" \/>\n<meta property=\"article:modified_time\" content=\"2025-08-27T14:40:15+00:00\" \/>\n<meta property=\"og:image\" content=\"https:\/\/slabh.sa\/wp-content\/uploads\/2025\/07\/1-34.webp\" \/>\n\t<meta property=\"og:image:width\" content=\"240\" \/>\n\t<meta property=\"og:image:height\" content=\"240\" \/>\n\t<meta property=\"og:image:type\" content=\"image\/webp\" \/>\n<meta name=\"twitter:card\" content=\"summary_large_image\" \/>\n<script type=\"application\/ld+json\" class=\"yoast-schema-graph\">{\"@context\":\"https:\/\/schema.org\",\"@graph\":[{\"@type\":\"WebPage\",\"@id\":\"https:\/\/slabh.sa\/product\/2149\/\",\"url\":\"https:\/\/slabh.sa\/product\/2149\/\",\"name\":\"\u0633\u062f\u0627\u0633\u064a \u0627\u0644\u062c\u0648\u0627\u0646\u0628 CNC \u062e\u0637 \u0625\u0646\u062a\u0627\u062c \u0627\u0644\u062d\u0641\u0631 \u0627\u0644\u0622\u0644\u064a - Slabh\",\"isPartOf\":{\"@id\":\"https:\/\/slabh.sa\/en\/#website\"},\"primaryImageOfPage\":{\"@id\":\"https:\/\/slabh.sa\/product\/2149\/#primaryimage\"},\"image\":{\"@id\":\"https:\/\/slabh.sa\/product\/2149\/#primaryimage\"},\"thumbnailUrl\":\"https:\/\/slabh.sa\/wp-content\/uploads\/2025\/07\/1-34.webp\",\"datePublished\":\"2025-07-13T13:28:09+00:00\",\"dateModified\":\"2025-08-27T14:40:15+00:00\",\"breadcrumb\":{\"@id\":\"https:\/\/slabh.sa\/product\/2149\/#breadcrumb\"},\"inLanguage\":\"en-US\",\"potentialAction\":[{\"@type\":\"ReadAction\",\"target\":[\"https:\/\/slabh.sa\/product\/2149\/\"]}]},{\"@type\":\"ImageObject\",\"inLanguage\":\"en-US\",\"@id\":\"https:\/\/slabh.sa\/product\/2149\/#primaryimage\",\"url\":\"https:\/\/slabh.sa\/wp-content\/uploads\/2025\/07\/1-34.webp\",\"contentUrl\":\"https:\/\/slabh.sa\/wp-content\/uploads\/2025\/07\/1-34.webp\",\"width\":240,\"height\":240},{\"@type\":\"BreadcrumbList\",\"@id\":\"https:\/\/slabh.sa\/product\/2149\/#breadcrumb\",\"itemListElement\":[{\"@type\":\"ListItem\",\"position\":1,\"name\":\"Home\",\"item\":\"https:\/\/slabh.sa\/\"},{\"@type\":\"ListItem\",\"position\":2,\"name\":\"Shop\",\"item\":\"https:\/\/slabh.sa\/shop\/\"},{\"@type\":\"ListItem\",\"position\":3,\"name\":\"\u0633\u062f\u0627\u0633\u064a \u0627\u0644\u062c\u0648\u0627\u0646\u0628 CNC \u062e\u0637 \u0625\u0646\u062a\u0627\u062c \u0627\u0644\u062d\u0641\u0631 \u0627\u0644\u0622\u0644\u064a\"}]},{\"@type\":\"WebSite\",\"@id\":\"https:\/\/slabh.sa\/en\/#website\",\"url\":\"https:\/\/slabh.sa\/en\/\",\"name\":\"slbah\",\"description\":\"\",\"publisher\":{\"@id\":\"https:\/\/slabh.sa\/en\/#organization\"},\"potentialAction\":[{\"@type\":\"SearchAction\",\"target\":{\"@type\":\"EntryPoint\",\"urlTemplate\":\"https:\/\/slabh.sa\/en\/?s={search_term_string}\"},\"query-input\":{\"@type\":\"PropertyValueSpecification\",\"valueRequired\":true,\"valueName\":\"search_term_string\"}}],\"inLanguage\":\"en-US\"},{\"@type\":\"Organization\",\"@id\":\"https:\/\/slabh.sa\/en\/#organization\",\"name\":\"slbah\",\"url\":\"https:\/\/slabh.sa\/en\/\",\"logo\":{\"@type\":\"ImageObject\",\"inLanguage\":\"en-US\",\"@id\":\"https:\/\/slabh.sa\/en\/#\/schema\/logo\/image\/\",\"url\":\"https:\/\/slabh.sa\/wp-content\/uploads\/2025\/06\/cropped-image-1.png\",\"contentUrl\":\"https:\/\/slabh.sa\/wp-content\/uploads\/2025\/06\/cropped-image-1.png\",\"width\":190,\"height\":190,\"caption\":\"slbah\"},\"image\":{\"@id\":\"https:\/\/slabh.sa\/en\/#\/schema\/logo\/image\/\"},\"sameAs\":[\"https:\/\/www.facebook.com\/profile.php?id=61572269376146&mibextid=wwXIfr&rdid=FewdL0MloYPeXWXU&share_url=httpswww.facebook.comshare16idSkSycLmibextidwwXIfr#\",\"https:\/\/www.instagram.com\/slabh_ind?utm_source=qr\"]}]}<\/script>\n<!-- \/ Yoast SEO plugin. -->","yoast_head_json":{"title":"\u0633\u062f\u0627\u0633\u064a \u0627\u0644\u062c\u0648\u0627\u0646\u0628 CNC \u062e\u0637 \u0625\u0646\u062a\u0627\u062c \u0627\u0644\u062d\u0641\u0631 \u0627\u0644\u0622\u0644\u064a - Slabh","robots":{"index":"index","follow":"follow","max-snippet":"max-snippet:-1","max-image-preview":"max-image-preview:large","max-video-preview":"max-video-preview:-1"},"canonical":"https:\/\/slabh.sa\/en\/product\/2149\/","og_locale":"en_US","og_type":"article","og_title":"\u0633\u062f\u0627\u0633\u064a \u0627\u0644\u062c\u0648\u0627\u0646\u0628 CNC \u062e\u0637 \u0625\u0646\u062a\u0627\u062c \u0627\u0644\u062d\u0641\u0631 \u0627\u0644\u0622\u0644\u064a - Slabh","og_description":"\u0645\u0633\u062d \u0648\u062a\u062d\u0645\u064a\u0644\/\u0625\u062e\u0631\u0627\u062c \u062a\u0644\u0642\u0627\u0626\u064a \u0644\u0623\u0639\u0645\u0627\u0644 \u0627\u0644\u062d\u0641\u0631. \u0643\u0641\u0627\u0621\u0629 \u0639\u0627\u0644\u064a\u0629 \u0645\u0646\u0627\u0633\u0628 \u0644\u0644\u062e\u0637\u0648\u0637 \u0627\u0644\u0623\u0648\u062a\u0648\u0645\u0627\u062a\u064a\u0643\u064a\u0629 \u0627\u0644\u0645\u0632\u0648\u062f\u0629 \u0628\u0631\u0645\u0632 \u0634\u0631\u064a\u0637\u064a \u0643\u062a\u0644 \u062d\u0641\u0631 \u0639\u0644\u0648\u064a\u0629\u060c \u0627\u0644\u0625\u0635\u062f\u0627\u0631 12 \u00d7 2 \u0648\u062d\u062f\u0629 \u0628\u0627\u0644\u0625\u0636\u0627\u0641\u0629 \u0625\u0644\u0649 HOR (X: 2 \u00d7 2 + Y: 2 \u00d7 1) \u00d7 2 \u0643\u062a\u0644\u0629 \u062d\u0641\u0631 \u0633\u0641\u0644\u064a\u0629 \u0648\u0627\u062d\u062f\u0629\u060c \u0627\u0644\u0625\u0635\u062f\u0627\u0631 10 46 \u0645\u062b\u0642\u0627\u0628\u064b\u0627 \u0625\u062c\u0645\u0627\u0644\u0627\u064b \u0645\u062b\u0642\u0627\u0628\u0627\u0646 \u0639\u0644\u0648\u064a \u0648\u0633\u0641\u0644\u064a\u060c 3.5 \u0643\u064a\u0644\u0648 \u0648\u0627\u0637 \u00d7 2 DXF MPR XML &hellip; Continue reading \"\u0633\u062f\u0627\u0633\u064a \u0627\u0644\u062c\u0648\u0627\u0646\u0628 CNC \u062e\u0637 \u0625\u0646\u062a\u0627\u062c \u0627\u0644\u062d\u0641\u0631 \u0627\u0644\u0622\u0644\u064a\"","og_url":"https:\/\/slabh.sa\/en\/product\/2149\/","og_site_name":"Slabh","article_publisher":"https:\/\/www.facebook.com\/profile.php?id=61572269376146&mibextid=wwXIfr&rdid=FewdL0MloYPeXWXU&share_url=httpswww.facebook.comshare16idSkSycLmibextidwwXIfr#","article_modified_time":"2025-08-27T14:40:15+00:00","og_image":[{"width":240,"height":240,"url":"https:\/\/slabh.sa\/wp-content\/uploads\/2025\/07\/1-34.webp","type":"image\/webp"}],"twitter_card":"summary_large_image","schema":{"@context":"https:\/\/schema.org","@graph":[{"@type":"WebPage","@id":"https:\/\/slabh.sa\/product\/2149\/","url":"https:\/\/slabh.sa\/product\/2149\/","name":"\u0633\u062f\u0627\u0633\u064a \u0627\u0644\u062c\u0648\u0627\u0646\u0628 CNC \u062e\u0637 \u0625\u0646\u062a\u0627\u062c \u0627\u0644\u062d\u0641\u0631 \u0627\u0644\u0622\u0644\u064a - Slabh","isPartOf":{"@id":"https:\/\/slabh.sa\/en\/#website"},"primaryImageOfPage":{"@id":"https:\/\/slabh.sa\/product\/2149\/#primaryimage"},"image":{"@id":"https:\/\/slabh.sa\/product\/2149\/#primaryimage"},"thumbnailUrl":"https:\/\/slabh.sa\/wp-content\/uploads\/2025\/07\/1-34.webp","datePublished":"2025-07-13T13:28:09+00:00","dateModified":"2025-08-27T14:40:15+00:00","breadcrumb":{"@id":"https:\/\/slabh.sa\/product\/2149\/#breadcrumb"},"inLanguage":"en-US","potentialAction":[{"@type":"ReadAction","target":["https:\/\/slabh.sa\/product\/2149\/"]}]},{"@type":"ImageObject","inLanguage":"en-US","@id":"https:\/\/slabh.sa\/product\/2149\/#primaryimage","url":"https:\/\/slabh.sa\/wp-content\/uploads\/2025\/07\/1-34.webp","contentUrl":"https:\/\/slabh.sa\/wp-content\/uploads\/2025\/07\/1-34.webp","width":240,"height":240},{"@type":"BreadcrumbList","@id":"https:\/\/slabh.sa\/product\/2149\/#breadcrumb","itemListElement":[{"@type":"ListItem","position":1,"name":"Home","item":"https:\/\/slabh.sa\/"},{"@type":"ListItem","position":2,"name":"Shop","item":"https:\/\/slabh.sa\/shop\/"},{"@type":"ListItem","position":3,"name":"\u0633\u062f\u0627\u0633\u064a \u0627\u0644\u062c\u0648\u0627\u0646\u0628 CNC \u062e\u0637 \u0625\u0646\u062a\u0627\u062c \u0627\u0644\u062d\u0641\u0631 \u0627\u0644\u0622\u0644\u064a"}]},{"@type":"WebSite","@id":"https:\/\/slabh.sa\/en\/#website","url":"https:\/\/slabh.sa\/en\/","name":"slbah","description":"","publisher":{"@id":"https:\/\/slabh.sa\/en\/#organization"},"potentialAction":[{"@type":"SearchAction","target":{"@type":"EntryPoint","urlTemplate":"https:\/\/slabh.sa\/en\/?s={search_term_string}"},"query-input":{"@type":"PropertyValueSpecification","valueRequired":true,"valueName":"search_term_string"}}],"inLanguage":"en-US"},{"@type":"Organization","@id":"https:\/\/slabh.sa\/en\/#organization","name":"slbah","url":"https:\/\/slabh.sa\/en\/","logo":{"@type":"ImageObject","inLanguage":"en-US","@id":"https:\/\/slabh.sa\/en\/#\/schema\/logo\/image\/","url":"https:\/\/slabh.sa\/wp-content\/uploads\/2025\/06\/cropped-image-1.png","contentUrl":"https:\/\/slabh.sa\/wp-content\/uploads\/2025\/06\/cropped-image-1.png","width":190,"height":190,"caption":"slbah"},"image":{"@id":"https:\/\/slabh.sa\/en\/#\/schema\/logo\/image\/"},"sameAs":["https:\/\/www.facebook.com\/profile.php?id=61572269376146&mibextid=wwXIfr&rdid=FewdL0MloYPeXWXU&share_url=httpswww.facebook.comshare16idSkSycLmibextidwwXIfr#","https:\/\/www.instagram.com\/slabh_ind?utm_source=qr"]}]}},"_links":{"self":[{"href":"https:\/\/slabh.sa\/en\/wp-json\/wp\/v2\/product\/2149","targetHints":{"allow":["GET"]}}],"collection":[{"href":"https:\/\/slabh.sa\/en\/wp-json\/wp\/v2\/product"}],"about":[{"href":"https:\/\/slabh.sa\/en\/wp-json\/wp\/v2\/types\/product"}],"replies":[{"embeddable":true,"href":"https:\/\/slabh.sa\/en\/wp-json\/wp\/v2\/comments?post=2149"}],"wp:featuredmedia":[{"embeddable":true,"href":"https:\/\/slabh.sa\/en\/wp-json\/wp\/v2\/media\/2153"}],"wp:attachment":[{"href":"https:\/\/slabh.sa\/en\/wp-json\/wp\/v2\/media?parent=2149"}],"wp:term":[{"taxonomy":"product_brand","embeddable":true,"href":"https:\/\/slabh.sa\/en\/wp-json\/wp\/v2\/product_brand?post=2149"},{"taxonomy":"product_cat","embeddable":true,"href":"https:\/\/slabh.sa\/en\/wp-json\/wp\/v2\/product_cat?post=2149"},{"taxonomy":"product_tag","embeddable":true,"href":"https:\/\/slabh.sa\/en\/wp-json\/wp\/v2\/product_tag?post=2149"}],"curies":[{"name":"wp","href":"https:\/\/api.w.org\/{rel}","templated":true}]}}